{"id":823,"date":"2024-09-03T14:16:11","date_gmt":"2024-09-03T12:16:11","guid":{"rendered":"https:\/\/www.parcourscoeurdejesus.fr\/parcours-decouverte\/?page_id=823"},"modified":"2024-09-03T14:16:11","modified_gmt":"2024-09-03T12:16:11","slug":"pdf-etape-4","status":"publish","type":"page","link":"https:\/\/www.parcourscoeurdejesus.fr\/parcours-decouverte\/pdf-etape-4\/","title":{"rendered":"PDF \u00c9tape 4"},"content":{"rendered":"\n<p class=\"has-medium-font-size\">Parcours \u00ab Se consacrer au Sacr\u00e9-C\u0153ur de J\u00e9sus \u00bb.<br>4\u00b0 \u00e9tape : Le message de Paray, deuxi\u00e8me partie : Rendre amour pour amour<br>Nous approfondissons le message de Paray. Apr\u00e8s avoir d\u00e9couvert combien Marguerite Marie fait l\u2019exp\u00e9rience de l\u2019amour du C\u0153ur de J\u00e9sus pour elle, dans la troisi\u00e8me \u00e9tape, entendons<br>maintenant la plainte qu\u2019il lui adresse, dans cette quatri\u00e8me \u00e9tape.<\/p>\n\n\n\n<ol class=\"wp-block-list\">\n<li class=\"has-medium-font-size\">La plainte de J\u00e9sus<br>Lors de la premi\u00e8re apparition, Marguerite-Marie a la vision du c\u0153ur sur un tr\u00f4ne de<br>flamme entour\u00e9 d\u2019\u00e9pines. J\u00e9sus lui dit \u00ab Si tu savais combien je suis alt\u00e9r\u00e9 de me faire aimer des<br>hommes. \u00bb et \u00ab J\u2019ai soif, je br\u00fble du d\u00e9sir d\u2019\u00eatre aim\u00e9 \u00bb. C\u2019est une plainte : l\u2019amour n\u2019est pas aim\u00e9 !<br>Ce sont les \u00e9pines ! Les prochaines apparitions donneront de pr\u00e9cieuses indications sur ces \u00ab<br>\u00e9pines \u00bb.<br>D\u00e8s la deuxi\u00e8me grande apparition J\u00e9sus exprime la douleur que son si grand amour ne<br>re\u00e7oive en retour \u00ab Que des ingratitudes et indiff\u00e9rences, des froideurs et du rebut pour tous mes<br>empressements \u00e0 leur faire du bien\u2026 Ce qui m&rsquo;est beaucoup plus sensible que tout ce que j&rsquo;ai<br>souffert en ma Passion \u00bb. (Autobiographie \u00a7\u00a7 55-56)<br>Cette plainte sera d\u00e9ploy\u00e9e dans la troisi\u00e8me grande apparition : Pour reconnaissance je ne<br>re\u00e7ois de la plupart que des ingratitudes, par leurs irr\u00e9v\u00e9rences et leurs sacril\u00e8ges, et par les froideurs<br>et les m\u00e9pris qu&rsquo;ils ont pour moi dans ce Sacrement d&rsquo;amour. Mais ce qui m&rsquo;est encore le plus sensible<br>est que ce sont des c\u0153urs qui me sont consacr\u00e9s qui en usent ainsi. (Autobiographie, \u00a7 92)<br>Quelques aspects de cette plainte de J\u00e9sus<\/li>\n<\/ol>\n\n\n\n<ul class=\"wp-block-list\">\n<li class=\"has-medium-font-size\">Il est int\u00e9ressant de remarquer que c\u2019est dans la France du XVII\u00b0 si\u00e8cle o\u00f9 tous les fran\u00e7ais<br>sont catholiques pratiquants, o\u00f9 les vocations sont nombreuses, comme jamais (120 s\u00e9minaires<br>en France accueillant des milliers de s\u00e9minaristes), que J\u00e9sus se plaint de ne pas \u00eatre aim\u00e9.<\/li>\n\n\n\n<li class=\"has-medium-font-size\">le message parait encore plus actuel aujourd\u2019hui, dans une soci\u00e9t\u00e9 s\u00e9cularis\u00e9e o\u00f9 Dieu<br>est devenu \u00e9tranger, o\u00f9 nous vivons comme si Dieu n\u2019existe pas. Ne fait-elle pas bien preuve<br>d\u2019ingratitude et d\u2019indiff\u00e9rence !<\/li>\n\n\n\n<li class=\"has-medium-font-size\">J\u00e9sus exprime que c\u2019est l\u2019attitude envers le sacrement de l\u2019eucharistie, son \u00ab sacrement<br>d\u2019amour \u00bb, qui le fait le plus souffrir, de la part des baptis\u00e9s, qui sont \u00abconsacr\u00e9s\u00bb par la<br>cons\u00e9cration qu\u2019est le bapt\u00eame. Il parle de \u00ab froideurs \u00bb et de \u00ab m\u00e9pris \u00bb envers l\u2019Eucharistie.<br>Demandons la gr\u00e2ce, ici, de prendre conscience de la soif de J\u00e9sus d\u2019\u00eatre aim\u00e9 ; que l\u2019amour de<br>chacun compte pour lui; que chaque manque d\u2019amour lui est une souffrance. J&rsquo;ai soif, mais d&rsquo;une<br>soif si ardente d&rsquo;\u00eatre aim\u00e9 des hommes au saint Sacrement, que cette soif me consume ; et je ne trouve<br>personne qui s&rsquo;efforce, selon mon d\u00e9sir, pour me d\u00e9salt\u00e9rer, en rendant quelque retour \u00e0 mon amour.<br>(Lettre 133). Nous sommes tous concern\u00e9s par cette plainte douloureuse.<\/li>\n\n\n\n<li>2 &#8211;<\/li>\n\n\n\n<li class=\"has-medium-font-size\">Le Seigneur \u00e9voque les \u00ab sacril\u00e8ges \u00bb envers l\u2019Eucharistie commis particuli\u00e8rement par<br>les consacr\u00e9s que sont les religieux et les pr\u00eatres. Cette plainte peut se comprendre \u00e0 la lumi\u00e8re<br>des sacril\u00e8ges commis par des pr\u00eatres \u00e0 la cour de France, puisque se d\u00e9roulent \u00e0 ce moment les<br>premi\u00e8res \u00ab messes noires \u00bb, ritualis\u00e9es par l\u2019abb\u00e9 Guibourg. C\u2019est la fameuse affaire des poisons<br>qui \u00e9clatera quelques ann\u00e9es apr\u00e8s les apparitions de Paray et horrifiera la France enti\u00e8re.<\/li>\n\n\n\n<li class=\"has-medium-font-size\">Mais, il ne s\u2019agit pas seulement du Corps eucharistique du Christ profan\u00e9 par ces<br>sacril\u00e8ges. Cela renvoie aussi aux autres profanations que souffrent les plus petits dans leur<br>corps. Je pense notamment aux corps des petits enfants profan\u00e9s sexuellement par des pr\u00eatres<br>criminels, avec les scandales r\u00e9v\u00e9l\u00e9s ces derni\u00e8res ann\u00e9es. \u00ab Ce que vous avez fait \u00e0 l\u2019un de ces plus<br>petits, c\u2019est \u00e0 moi que vous l\u2019avez fait. \u00bb C\u2019est J\u00e9sus lui-m\u00eame qui est atteint lors que la dignit\u00e9 des<br>pauvres est ab\u00eem\u00e9e. Comme le dit Ben Sirac le Sage, \u201cles larmes de la veuve ne coulent-elles pas<br>sur les joues de Dieu ?\u201d (cf. Si 35, 18). Combien de larmes coulent encore sur les joues de Dieu<br>alors que notre monde conna\u00eet nombre d\u2019abus contre la dignit\u00e9 de la personne, y compris au sein<br>du Peuple de Dieu.<\/li>\n<\/ul>\n\n\n\n<ol class=\"wp-block-list\">\n<li class=\"has-medium-font-size\">Rendre amour pour amour<br>A Sainte Marguerite-Marie, J\u00e9sus redit son amour passionn\u00e9 pour tous les hommes et se<br>plaint de ne pas \u00eatre aim\u00e9 en retour. Cela serait un peu \u00e9crasant, s\u2019il n\u2019y avait pas aussi une<br>demande que l\u2019on pourrait r\u00e9sumer ainsi : \u00ab Toi du moins, aime-moi. \u00bb Il s\u2019agit de rendre amour<br>pour amour. Ce dont Sainte Marguerite-Marie t\u00e9moigne : \u00ab Je re\u00e7us de mon Dieu des gr\u00e2ces<br>excessives de son amour, et me sentis touch\u00e9e du d\u00e9sir de quelque retour et de lui rendre amour<br>pour amour. \u00bb (Autobiographie, \u00a7 92)<br>Pour rendre cela concret, J\u00e9sus lui adresse plusieurs demandes :<\/li>\n<\/ol>\n\n\n\n<ul class=\"wp-block-list has-medium-font-size\">\n<li>de l\u2019accueillir, de lui faire de la place dans son c\u0153ur, et de le signifier concr\u00e8tement, en<br>portant sur elle l\u2019image du Sacr\u00e9-C\u0153ur, et en en exposant une image l\u00e0 o\u00f9 elle demeure. C\u2019est<br>l\u2019intronisation du Sacr\u00e9-C\u0153ur, sur laquelle nous reviendrons.<\/li>\n\n\n\n<li>de communier le plus souvent possible, et particuli\u00e8rement les premiers vendredis du mois.<\/li>\n\n\n\n<li>de vivre \u00ab l\u2019heure sainte \u00bb, tous les jeudis, de 23h \u00e0 minuit. Il s\u2019agit de lui tenir compagnie<br>alors qu\u2019il souffre son agonie au jardin des Oliviers, pour se laisser saisir par sa souffrance d\u2019amour<br>et y compatir, et pour obtenir avec lui mis\u00e9ricorde pour les p\u00e9cheurs.<\/li>\n\n\n\n<li>que soit institu\u00e9e une grande f\u00eate de son Sacr\u00e9-C\u0153ur pour toute l\u2019Eglise. Il demande \u00e0<br>cette occasion une communion de r\u00e9paration, c\u2019est-\u00e0-dire que l\u2019on communie avec une attention<br>et un amour particulier, qui consoleront toutes les offenses faites \u00e0 son C\u0153ur dans le sacrement<br>de l\u2019eucharistie. Cette f\u00eate sera d\u00e9finitivement institu\u00e9e par le pape Pie IX en 1856.<br>Finalement, la r\u00e9ponse d\u2019amour que demande J\u00e9sus, c\u2019est de se donner tout \u00e0 lui, de se<br>consacrer \u00e0 lui. Dans la prochaine \u00e9tape, nous entrerons dans la deuxi\u00e8me partie de notre<br>parcours, en expliquant ce qu\u2019est la cons\u00e9cration.<\/li>\n<\/ul>\n","protected":false},"excerpt":{"rendered":"<p>Parcours \u00ab Se consacrer au Sacr\u00e9-C\u0153ur de J\u00e9sus \u00bb.4\u00b0 \u00e9tape : Le message de Paray, deuxi\u00e8me partie : Rendre amour pour amourNous approfondissons le message de Paray. Apr\u00e8s avoir d\u00e9couvert combien Marguerite Marie fait l\u2019exp\u00e9rience de l\u2019amour du C\u0153ur de J\u00e9sus pour elle, dans la troisi\u00e8me \u00e9tape, entendonsmaintenant la plainte qu\u2019il lui adresse, dans cette&#8230;<\/p>\n","protected":false},"author":1,"featured_media":0,"parent":0,"menu_order":0,"comment_status":"closed","ping_status":"closed","template":"","meta":{"_kad_post_transparent":"","_kad_post_title":"","_kad_post_layout":"","_kad_post_sidebar_id":"","_kad_post_content_style":"","_kad_post_vertical_padding":"","_kad_post_feature":"","_kad_post_feature_position":"","_kad_post_header":false,"_kad_post_footer":false,"footnotes":""},"class_list":["post-823","page","type-page","status-publish","hentry"],"_links":{"self":[{"href":"https:\/\/www.parcourscoeurdejesus.fr\/parcours-decouverte\/wp-json\/wp\/v2\/pages\/823","targetHints":{"allow":["GET"]}}],"collection":[{"href":"https:\/\/www.parcourscoeurdejesus.fr\/parcours-decouverte\/wp-json\/wp\/v2\/pages"}],"about":[{"href":"https:\/\/www.parcourscoeurdejesus.fr\/parcours-decouverte\/wp-json\/wp\/v2\/types\/page"}],"author":[{"embeddable":true,"href":"https:\/\/www.parcourscoeurdejesus.fr\/parcours-decouverte\/wp-json\/wp\/v2\/users\/1"}],"replies":[{"embeddable":true,"href":"https:\/\/www.parcourscoeurdejesus.fr\/parcours-decouverte\/wp-json\/wp\/v2\/comments?post=823"}],"version-history":[{"count":2,"href":"https:\/\/www.parcourscoeurdejesus.fr\/parcours-decouverte\/wp-json\/wp\/v2\/pages\/823\/revisions"}],"predecessor-version":[{"id":825,"href":"https:\/\/www.parcourscoeurdejesus.fr\/parcours-decouverte\/wp-json\/wp\/v2\/pages\/823\/revisions\/825"}],"wp:attachment":[{"href":"https:\/\/www.parcourscoeurdejesus.fr\/parcours-decouverte\/wp-json\/wp\/v2\/media?parent=823"}],"curies":[{"name":"wp","href":"https:\/\/api.w.org\/{rel}","templated":true}]}}